{"id":1038,"date":"2017-11-08T14:39:22","date_gmt":"2017-11-08T11:39:22","guid":{"rendered":"http:\/\/aalto.edge-themes.com\/?page_id=1038"},"modified":"2021-10-09T13:23:10","modified_gmt":"2021-10-09T10:23:10","slug":"iletisim","status":"publish","type":"page","link":"https:\/\/www.dogancam.com\/?page_id=1038","title":{"rendered":"\u0130leti\u015fim"},"content":{"rendered":"<p>[vc_row content_placement=&#8221;middle&#8221; content_text_aligment=&#8221;center&#8221; css=&#8221;.vc_custom_1632474436051{padding-bottom: 35px !important;background-color: #ececec !important;}&#8221;][vc_column][vc_raw_html]JTNDaWZyYW1lJTIwc3JjJTNEJTIyaHR0cHMlM0ElMkYlMkZ3d3cuZ29vZ2xlLmNvbSUyRm1hcHMlMkZlbWJlZCUzRnBiJTNEJTIxMW0xNCUyMTFtOCUyMTFtMyUyMTFkMTI3MzYuODAwNzMyMTAyOTk4JTIxMmQyNy4zODUxNDYxJTIxM2QzNy4wNTI3MTI1JTIxM20yJTIxMWkxMDI0JTIxMmk3NjglMjE0ZjEzLjElMjEzbTMlMjExbTIlMjExczB4MCUyNTNBMHhmZGMyNzA0MjgwZTI5OTZjJTIxMnpSR19FbjJGdVkyRnRJRU5oYlNERG5ITER2RzVzWlhKcCUyMTVlMCUyMTNtMiUyMTFzdHIlMjEyc3RyJTIxNHYxNjMyNDA2NjkzMjg2JTIxNW0yJTIxMXN0ciUyMTJzdHIlMjIlMjB3aWR0aCUzRCUyMjEwMCUyNSUyMiUyMGhlaWdodCUzRCUyMjQ1MCUyMiUyMHN0eWxlJTNEJTIyYm9yZGVyJTNBMCUzQiUyMiUyMGFsbG93ZnVsbHNjcmVlbiUzRCUyMiUyMiUyMGxvYWRpbmclM0QlMjJsYXp5JTIyJTNFJTNDJTJGaWZyYW1lJTNF[\/vc_raw_html][\/vc_column][\/vc_row][vc_row row_content_width=&#8221;grid&#8221; css=&#8221;.vc_custom_1511425318477{padding-top: 72px !important;padding-bottom: 98px !important;}&#8221;][vc_column offset=&#8221;vc_col-lg-6 vc_col-md-12 vc_col-xs-12&#8243;]<div class=\"edgtf-elements-holder   edgtf-two-columns  edgtf-responsive-mode-768 \" ><div class=\"edgtf-eh-item    \"  data-item-class=\"edgtf-eh-custom-8012\" data-768-1024=\"28px 15% 0px 0%\" data-680-768=\"28px 15% 52px 2%\" data-680=\"28px 15% 30px 2%\">\n\t<div class=\"edgtf-eh-item-inner\">\n\t\t<div class=\"edgtf-eh-item-content edgtf-eh-custom-8012\" style=\"padding: 28px 15% 0px 6%\">\n\t\t\t[vc_column_text]<div class=\"wpforms-container wpforms-container-full\" id=\"wpforms-4398\"><form id=\"wpforms-form-4398\" class=\"wpforms-validate wpforms-form wpforms-ajax-form\" data-formid=\"4398\" method=\"post\" enctype=\"multipart\/form-data\" action=\"\/index.php?rest_route=%2Fwp%2Fv2%2Fpages%2F1038\" data-token=\"03e5a266e365a64eb658685193a8dae5\"><noscript class=\"wpforms-error-noscript\">Please enable JavaScript in your browser to complete this form.<\/noscript><div class=\"wpforms-field-container\"><div id=\"wpforms-4398-field_0-container\" class=\"wpforms-field wpforms-field-name\" data-field-id=\"0\"><label class=\"wpforms-field-label\" for=\"wpforms-4398-field_0\">Ad Soyad <span class=\"wpforms-required-label\">*<\/span><\/label><input type=\"text\" id=\"wpforms-4398-field_0\" class=\"wpforms-field-medium wpforms-field-required\" name=\"wpforms[fields][0]\" required><\/div><div id=\"wpforms-4398-field_1-container\" class=\"wpforms-field wpforms-field-email\" data-field-id=\"1\"><label class=\"wpforms-field-label\" for=\"wpforms-4398-field_1\">Email <span class=\"wpforms-required-label\">*<\/span><\/label><input type=\"email\" id=\"wpforms-4398-field_1\" class=\"wpforms-field-medium wpforms-field-required\" name=\"wpforms[fields][1]\" required><\/div><div id=\"wpforms-4398-field_4-container\" class=\"wpforms-field wpforms-field-number\" data-field-id=\"4\"><label class=\"wpforms-field-label\" for=\"wpforms-4398-field_4\">Telefon no<\/label><input type=\"number\" pattern=\"\\d*\" id=\"wpforms-4398-field_4\" class=\"wpforms-field-medium\" name=\"wpforms[fields][4]\" ><\/div><div id=\"wpforms-4398-field_2-container\" class=\"wpforms-field wpforms-field-textarea\" data-field-id=\"2\"><label class=\"wpforms-field-label\" for=\"wpforms-4398-field_2\">Yorum ya da Mesaj\u0131n\u0131z <span class=\"wpforms-required-label\">*<\/span><\/label><textarea id=\"wpforms-4398-field_2\" class=\"wpforms-field-medium wpforms-field-required\" name=\"wpforms[fields][2]\" required><\/textarea><\/div><\/div><div class=\"wpforms-recaptcha-container wpforms-is-recaptcha\"><div class=\"g-recaptcha\" data-sitekey=\"6LeKkAIkAAAAAIk7Kg6Rd3MbWAsOJCkYW3wUh56T\"><\/div><input type=\"text\" name=\"g-recaptcha-hidden\" class=\"wpforms-recaptcha-hidden\" style=\"position:absolute!important;clip:rect(0,0,0,0)!important;height:1px!important;width:1px!important;border:0!important;overflow:hidden!important;padding:0!important;margin:0!important;\" required><\/div><div class=\"wpforms-submit-container\"><input type=\"hidden\" name=\"wpforms[id]\" value=\"4398\"><input type=\"hidden\" name=\"wpforms[author]\" value=\"1\"><button type=\"submit\" name=\"wpforms[submit]\" id=\"wpforms-submit-4398\" class=\"wpforms-submit\" data-alt-text=\"Sending...\" data-submit-text=\"G\u00f6nder\" aria-live=\"assertive\" value=\"wpforms-submit\">G\u00f6nder<\/button><img loading=\"lazy\" decoding=\"async\" src=\"https:\/\/www.dogancam.com\/wp-content\/plugins\/wpforms-lite\/assets\/images\/submit-spin.svg\" class=\"wpforms-submit-spinner\" style=\"display: none;\" width=\"26\" height=\"26\" alt=\"Loading\"><\/div><\/form><\/div>  <!-- .wpforms-container -->[\/vc_column_text]\t\t<\/div>\n\t<\/div>\n<\/div><\/div>[\/vc_column][vc_column offset=&#8221;vc_col-lg-6 vc_col-md-12 vc_col-xs-12&#8243;]<div class=\"edgtf-elements-holder   edgtf-one-column  edgtf-responsive-mode-768 \" ><div class=\"edgtf-eh-item    \"  data-item-class=\"edgtf-eh-custom-3132\" data-1024-1280=\"65px 0 0 0\" data-680-768=\"19px 0 0 0\" data-680=\"39px 0 0 0\">\n\t<div class=\"edgtf-eh-item-inner\">\n\t\t<div class=\"edgtf-eh-item-content edgtf-eh-custom-3132\" style=\"padding: 83px 0 0 0\">\n\t\t\t[vc_column_text]<\/p>\n<h2>ADRES B\u0130LG\u0130LER\u0130<\/h2>\n<p>[\/vc_column_text]\t\t<\/div>\n\t<\/div>\n<\/div><\/div><div class=\"edgtf-elements-holder   edgtf-two-columns  edgtf-responsive-mode-768 \" ><div class=\"edgtf-eh-item    \"  data-item-class=\"edgtf-eh-custom-1739\">\n\t<div class=\"edgtf-eh-item-inner\">\n\t\t<div class=\"edgtf-eh-item-content edgtf-eh-custom-1739\" style=\"padding: 0 0 0 0\">\n\t\t\t[vc_empty_space]<div class=\"edgtf-section-title-holder  edgtf-st-standard  edgtf-st-position-left edgtf-appear-fx\" style=\"padding: 0 0%\">\n\t\t<div class=\"edgtf-st-inner\">\n                    <div class=\"edgtf-st-title-holder\">\n                <h4 class=\"edgtf-st-title\" style=\"color: #202020\">\n                    OF\u0130S VE SHOWROOM                <\/h4>\n            <\/div>\n\t\t\t\t\t<\/div>\n    <\/div>[vc_empty_space]<div class=\"edgtf-icon-list-holder \" style=\"margin-bottom: 20px\">\n\t<div class=\"edgtf-il-icon-holder\">\n\t\t<i class=\"edgtf-icon-linea-icon icon-basic-headset \" style=\"color: #202020;font-size: 21px\"><\/i>\t<\/div>\n\t<p class=\"edgtf-il-text\" style=\"color: #202020;font-size: 16px;padding-left: 32px\">Telefon +90 252 363 9081<\/p>\n<\/div><div class=\"edgtf-icon-list-holder \" style=\"margin-bottom: 20px\">\n\t<div class=\"edgtf-il-icon-holder\">\n\t\t<i class=\"edgtf-icon-linea-icon icon-basic-clock \" style=\"color: #202020;font-size: 21px\"><\/i>\t<\/div>\n\t<p class=\"edgtf-il-text\" style=\"color: #202020;font-size: 16px;padding-left: 32px\">Pzt - Cum 8:30-18:30 Cts 8:30-13:30<\/p>\n<\/div><div class=\"edgtf-icon-list-holder \" style=\"margin-bottom: 20px\">\n\t<div class=\"edgtf-il-icon-holder\">\n\t\t<i class=\"edgtf-icon-linea-icon icon-basic-pin1 \" style=\"color: #202020;font-size: 21px\"><\/i>\t<\/div>\n\t<p class=\"edgtf-il-text\" style=\"color: #202020;font-size: 16px;padding-left: 32px\">Konac\u0131k, Mimar Sinan Cad. Bodrum<\/p>\n<\/div>\t\t<\/div>\n\t<\/div>\n<\/div><div class=\"edgtf-eh-item    \"  data-item-class=\"edgtf-eh-custom-8611\">\n\t<div class=\"edgtf-eh-item-inner\">\n\t\t<div class=\"edgtf-eh-item-content edgtf-eh-custom-8611\" style=\"padding: 0 0 0 0\">\n\t\t\t[vc_empty_space]<div class=\"edgtf-section-title-holder  edgtf-st-standard  edgtf-st-position-left edgtf-appear-fx\" style=\"padding: 0 0%\">\n\t\t<div class=\"edgtf-st-inner\">\n                    <div class=\"edgtf-st-title-holder\">\n                <h4 class=\"edgtf-st-title\" style=\"color: #202020\">\n                    \u00dcRET\u0130M                <\/h4>\n            <\/div>\n\t\t\t\t\t<\/div>\n    <\/div>[vc_empty_space]<div class=\"edgtf-icon-list-holder \" style=\"margin-bottom: 20px\">\n\t<div class=\"edgtf-il-icon-holder\">\n\t\t<i class=\"edgtf-icon-linea-icon icon-basic-headset \" style=\"color: #202020;font-size: 21px\"><\/i>\t<\/div>\n\t<p class=\"edgtf-il-text\" style=\"color: #202020;font-size: 16px;padding-left: 32px\">Telefon +90 252 363 9081<\/p>\n<\/div><div class=\"edgtf-icon-list-holder \" style=\"margin-bottom: 20px\">\n\t<div class=\"edgtf-il-icon-holder\">\n\t\t<i class=\"edgtf-icon-linea-icon icon-basic-clock \" style=\"color: #202020;font-size: 21px\"><\/i>\t<\/div>\n\t<p class=\"edgtf-il-text\" style=\"color: #202020;font-size: 16px;padding-left: 32px\">Pzt - Cum 8:30-18:30 Cts 8:30-13:30<\/p>\n<\/div><div class=\"edgtf-icon-list-holder \" style=\"margin-bottom: 20px\">\n\t<div class=\"edgtf-il-icon-holder\">\n\t\t<i class=\"edgtf-icon-linea-icon icon-basic-pin1 \" style=\"color: #202020;font-size: 21px\"><\/i>\t<\/div>\n\t<p class=\"edgtf-il-text\" style=\"color: #202020;font-size: 16px;padding-left: 32px\">D\u00f6rttepe Mah. M\u00fccavir Sk. No:4 Milas<\/p>\n<\/div>\t\t<\/div>\n\t<\/div>\n<\/div><\/div>[\/vc_column][\/vc_row][vc_row content_placement=&#8221;middle&#8221; row_content_width=&#8221;grid&#8221; css=&#8221;.vc_custom_1632474371966{padding-top: 73px !important;padding-bottom: 75px !important;}&#8221;][vc_column][\/vc_column][\/vc_row]<\/p>\n","protected":false},"excerpt":{"rendered":"<p>[vc_row content_placement=&#8221;middle&#8221; content_text_aligment=&#8221;center&#8221; css=&#8221;.vc_custom_1632474436051{padding-bottom: 35px !important;background-color: #ececec !important;}&#8221;][vc_column][vc_raw_html]JTNDaWZyYW1lJTIwc3JjJTNEJTIyaHR0cHMlM0ElMkYlMkZ3d3cuZ29vZ2xlLmNvbSUyRm1hcHMlMkZlbWJlZCUzRnBiJTNEJTIxMW0xNCUyMTFtOCUyMTFtMyUyMTFkMTI3MzYuODAwNzMyMTAyOTk4JTIxMmQyNy4zODUxNDYxJTIxM2QzNy4wNTI3MTI1JTIxM20yJTIxMWkxMDI0JTIxMmk3NjglMjE0ZjEzLjElMjEzbTMlMjExbTIlMjExczB4MCUyNTNBMHhmZGMyNzA0MjgwZTI5OTZjJTIxMnpSR19FbjJGdVkyRnRJRU5oYlNERG5ITER2RzVzWlhKcCUyMTVlMCUyMTNtMiUyMTFzdHIlMjEyc3RyJTIxNHYxNjMyNDA2NjkzMjg2JTIxNW0yJTIxMXN0ciUyMTJzdHIlMjIlMjB3aWR0aCUzRCUyMjEwMCUyNSUyMiUyMGhlaWdodCUzRCUyMjQ1MCUyMiUyMHN0eWxlJTNEJTIyYm9yZGVyJTNBMCUzQiUyMiUyMGFsbG93ZnVsbHNjcmVlbiUzRCUyMiUyMiUyMGxvYWRpbmclM0QlMjJsYXp5JTIyJTNFJTNDJTJGaWZyYW1lJTNF[\/vc_raw_html][\/vc_column][\/vc_row][vc_row row_content_width=&#8221;grid&#8221; css=&#8221;.vc_custom_1511425318477{padding-top: 72px !important;padding-bottom: 98px !important;}&#8221;][vc_column offset=&#8221;vc_col-lg-6 vc_col-md-12 vc_col-xs-12&#8243;][\/vc_column][vc_column offset=&#8221;vc_col-lg-6 vc_col-md-12 vc_col-xs-12&#8243;][\/vc_column][\/vc_row][vc_row content_placement=&#8221;middle&#8221; row_content_width=&#8221;grid&#8221; css=&#8221;.vc_custom_1632474371966{padding-top: 73px !important;padding-bottom: 75px !important;}&#8221;][vc_column][\/vc_column][\/vc_row]<\/p>\n","protected":false},"author":1,"featured_media":0,"parent":0,"menu_order":0,"comment_status":"closed","ping_status":"closed","template":"full-width.php","meta":{"footnotes":""},"class_list":["post-1038","page","type-page","status-publish","hentry"],"_links":{"self":[{"href":"https:\/\/www.dogancam.com\/index.php?rest_route=\/wp\/v2\/pages\/1038","targetHints":{"allow":["GET"]}}],"collection":[{"href":"https:\/\/www.dogancam.com\/index.php?rest_route=\/wp\/v2\/pages"}],"about":[{"href":"https:\/\/www.dogancam.com\/index.php?rest_route=\/wp\/v2\/types\/page"}],"author":[{"embeddable":true,"href":"https:\/\/www.dogancam.com\/index.php?rest_route=\/wp\/v2\/users\/1"}],"replies":[{"embeddable":true,"href":"https:\/\/www.dogancam.com\/index.php?rest_route=%2Fwp%2Fv2%2Fcomments&post=1038"}],"version-history":[{"count":0,"href":"https:\/\/www.dogancam.com\/index.php?rest_route=\/wp\/v2\/pages\/1038\/revisions"}],"wp:attachment":[{"href":"https:\/\/www.dogancam.com\/index.php?rest_route=%2Fwp%2Fv2%2Fmedia&parent=1038"}],"curies":[{"name":"wp","href":"https:\/\/api.w.org\/{rel}","templated":true}]}}