{"id":4456,"date":"2021-09-25T12:10:20","date_gmt":"2021-09-25T09:10:20","guid":{"rendered":"https:\/\/www.dogancambodrum.com.tr\/?page_id=4456"},"modified":"2021-09-25T12:16:52","modified_gmt":"2021-09-25T09:16:52","slug":"sikca-sorulan-sorular","status":"publish","type":"page","link":"https:\/\/www.dogancam.com\/?page_id=4456","title":{"rendered":"S\u0131k\u00e7a Sorulan Sorular"},"content":{"rendered":"<p>[vc_row][vc_column]<div class=\"edgtf-section-title-holder  edgtf-st-vertical-lines  edgtf-st-position-left edgtf-appear-fx\" >\n\t        <span class=\"edgtf-st-vertical-top\" style=\"background-color: #8f8f8f\"><\/span>\n\t\t<div class=\"edgtf-st-inner\">\n                    <div class=\"edgtf-st-title-holder\">\n                <h2 class=\"edgtf-st-title\" style=\"color: #202020\">\n                    S\u0131k\u00e7a Sorulan Sorular                <\/h2>\n            <\/div>\n\t\t\t\t\t<\/div>\n            <span class=\"edgtf-st-vertical-bottom\" style=\"background-color: #8f8f8f\"><\/span>\n    <\/div><div class=\"edgtf-accordion-holder edgtf-ac-default  edgtf-toggle edgtf-in-grid  clearfix\">\n\t<h4 class=\"edgtf-accordion-title\">\n\t<span class=\"edgtf-accordion-width\">\n\t\t<span class=\"edgtf-tab-title\">\u015ei\u015fecam Ultra Clear D\u00fczcam\u2019\u0131n standart d\u00fczcam\u2018dan fark\u0131 nedir?<\/span>\n\t\t<span class=\"edgtf-accordion-mark\">\n\t\t\t<span class=\"edgtf_icon_plus lnr lnr-cross\"><\/span>\n\t\t<\/span>\n\t<\/span>\n<\/h4>\n<div class=\"edgtf-accordion-content\">\n\t<div class=\"edgtf-accordion-content-inner\">\n\t\t<div class=\"edgtf-accordion-width\">\n\t\t\t[vc_column_text]Demir oran\u0131 d\u00fc\u015f\u00fcr\u00fclm\u00fc\u015f demir harman\u0131 ile kesitinden bak\u0131ld\u0131\u011f\u0131nda standart d\u00fczcam\u0131n ye\u015filimsi rengi tamamen kaybolmaktad\u0131r. Y\u00fcksek \u0131\u015f\u0131k ge\u00e7irgenli\u011fi ve \u015feffafl\u0131\u011f\u0131 ile cam yokmu\u015f hissi verir.[\/vc_column_text]\t\t<\/div>\n\t<\/div>\n<\/div><h4 class=\"edgtf-accordion-title\">\n\t<span class=\"edgtf-accordion-width\">\n\t\t<span class=\"edgtf-tab-title\">Cam ile \u0131s\u0131 yal\u0131t\u0131m\u0131 nas\u0131l sa\u011flan\u0131r?<\/span>\n\t\t<span class=\"edgtf-accordion-mark\">\n\t\t\t<span class=\"edgtf_icon_plus lnr lnr-cross\"><\/span>\n\t\t<\/span>\n\t<\/span>\n<\/h4>\n<div class=\"edgtf-accordion-content\">\n\t<div class=\"edgtf-accordion-content-inner\">\n\t\t<div class=\"edgtf-accordion-width\">\n\t\t\t[vc_column_text]Pencere camlar\u0131n\u0131n tek cam olarak kullan\u0131lmas\u0131 durumunda, k\u0131\u015f\u0131n bina i\u00e7inden d\u0131\u015far\u0131ya \u00f6nemli boyutta \u0131s\u0131 ka\u00e7\u0131\u015f\u0131 olmaktad\u0131r.<\/p>\n<p>Tek cam\u0131n yal\u0131t\u0131m a\u00e7\u0131s\u0131ndan yaratt\u0131\u011f\u0131 olumsuzlu\u011fu gidermek amac\u0131yla \u00e7ift cam geli\u015ftirilmi\u015ftir. Yal\u0131t\u0131m cam\u0131 alan\u0131nda \u00e7ift cam uygulamas\u0131 \u00fclkemizde \u015ei\u015fecam D\u00fczcam \u00f6nc\u00fcl\u00fc\u011f\u00fcnde 1974 y\u0131l\u0131nda ba\u015flam\u0131\u015f ve \u201cIs\u0131cam\u201d markas\u0131 ile pazara sunulmu\u015ftur.<\/p>\n<p>Is\u0131cam Sistemleri, \u015ei\u015fecam D\u00fczcam taraf\u0131ndan d\u00fczenli olarak denetlenen Is\u0131cam Yetkili \u00dcreticileri taraf\u0131ndan \u00fcretilir.<\/p>\n<p>Is\u0131cam, \u0131s\u0131 kay\u0131plar\u0131n\u0131 tek cama g\u00f6re %50 azaltmaktad\u0131r. Ancak bunun da \u00f6tesine ge\u00e7mek, camla daha fazla yal\u0131t\u0131m ve enerji tasarrufu sa\u011flamak amac\u0131yla Low-E kaplamal\u0131 camlar geli\u015ftirilmi\u015ftir. \u015ei\u015fecam D\u00fczcam\u2019\u0131n \u0131s\u0131 kontrol kaplamal\u0131 yal\u0131t\u0131m camlar\u0131 Is\u0131cam Sistemleri S Serisi markas\u0131 ile pazara sunulmaktad\u0131r.<\/p>\n<p>Is\u0131cam Sistemleri S Serisi, \u0131s\u0131 kontrol \u00f6zelli\u011fi sayesinde \u0131s\u0131 kay\u0131plar\u0131n\u0131 s\u0131radan \u00e7ift cama g\u00f6re %50 azaltmaktad\u0131r. B\u00f6ylece \u0131s\u0131nmak i\u00e7in harcanan enerji azalt\u0131larak yak\u0131t masraflar\u0131ndan tasarruf sa\u011flanmaktad\u0131r.<\/p>\n<p>D\u00f6rt mevsimi bir arada ya\u015fayan T\u00fcrkiye\u2019de, k\u0131\u015f\u0131n so\u011fuktan korunmak kadar, yaz\u0131n da s\u0131caktan korunmak \u00f6nemlidir. \u015ei\u015fecam D\u00fczcam\u2019\u0131n \u0131s\u0131 ve g\u00fcne\u015f kontrol kaplamal\u0131 yal\u0131t\u0131m camlar\u0131 Is\u0131cam Sistemleri K Serisi markas\u0131 ile pazara sunulmaktad\u0131r. Is\u0131cam Sistemleri K Serisi, s\u0131radan \u00e7ift cama g\u00f6re \u0131s\u0131 kayb\u0131n\u0131 %50, g\u00fcne\u015f \u0131s\u0131s\u0131 giri\u015fini %40 azaltarak k\u0131\u015f\u0131n yak\u0131t, yaz\u0131n da klima masraflar\u0131ndan tasarruf sa\u011flamaktad\u0131r.<\/p>\n<p>\u00c7ift camda en iyi \u0131s\u0131 yal\u0131t\u0131m\u0131;<\/p>\n<ul>\n<li>Is\u0131cam S, Is\u0131cam S 3+, Is\u0131cam K veya Is\u0131cam K 3+ kullan\u0131lmas\u0131,<\/li>\n<li>Ara bo\u015fluk geni\u015fli\u011finin 16 mm olmas\u0131,<\/li>\n<li>Ara bo\u015flu\u011fa hava yerine argon gaz\u0131 doldurulmas\u0131 durumlar\u0131nda sa\u011flanabilmektedir.<\/li>\n<\/ul>\n<p>[\/vc_column_text]\t\t<\/div>\n\t<\/div>\n<\/div><h4 class=\"edgtf-accordion-title\">\n\t<span class=\"edgtf-accordion-width\">\n\t\t<span class=\"edgtf-tab-title\">Buzlu camlar\u0131 nerelerde kullanabilirim?<\/span>\n\t\t<span class=\"edgtf-accordion-mark\">\n\t\t\t<span class=\"edgtf_icon_plus lnr lnr-cross\"><\/span>\n\t\t<\/span>\n\t<\/span>\n<\/h4>\n<div class=\"edgtf-accordion-content\">\n\t<div class=\"edgtf-accordion-content-inner\">\n\t\t<div class=\"edgtf-accordion-width\">\n\t\t\t[vc_column_text]\u015ei\u015fecam Buzlu Cam, konut ve ticari binalarda t\u00fcm dekoratif y\u00fczeyler i\u00e7in kullan\u0131ma uygundur. Ayd\u0131nl\u0131\u011f\u0131n ve gizlili\u011fin arzu edildi\u011fi pencere ve kap\u0131larda kullan\u0131lmas\u0131 tavsiye edilir. Ba\u015fl\u0131ca kullan\u0131m alanlar\u0131: Pencereler, Mobilya ve Dolap kapaklar\u0131, \u0130\u00e7 Kap\u0131lar, Du\u015fkabini, Ara B\u00f6lmeler, Raflar.[\/vc_column_text]\t\t<\/div>\n\t<\/div>\n<\/div><h4 class=\"edgtf-accordion-title\">\n\t<span class=\"edgtf-accordion-width\">\n\t\t<span class=\"edgtf-tab-title\">Aynan\u0131n Flotal oldu\u011funu nas\u0131l anlayabilirim?<\/span>\n\t\t<span class=\"edgtf-accordion-mark\">\n\t\t\t<span class=\"edgtf_icon_plus lnr lnr-cross\"><\/span>\n\t\t<\/span>\n\t<\/span>\n<\/h4>\n<div class=\"edgtf-accordion-content\">\n\t<div class=\"edgtf-accordion-content-inner\">\n\t\t<div class=\"edgtf-accordion-width\">\n\t\t\t[vc_column_text]Aynalar\u0131n arkas\u0131nda Flotal yaz\u0131s\u0131 yaz\u0131lmaktad\u0131r. Ayr\u0131ca numune yollanarak aynan\u0131z\u0131n Flotal olup olmad\u0131\u011f\u0131 \u015ei\u015fecam taraf\u0131ndan test edilebilir.[\/vc_column_text]\t\t<\/div>\n\t<\/div>\n<\/div><\/div>[\/vc_column][\/vc_row][vc_row][vc_column][vc_empty_space height=&#8221;65px&#8221;][\/vc_column][\/vc_row]<\/p>\n","protected":false},"excerpt":{"rendered":"<p>[vc_row][vc_column][\/vc_column][\/vc_row][vc_row][vc_column][vc_empty_space height=&#8221;65px&#8221;][\/vc_column][\/vc_row]<\/p>\n","protected":false},"author":1,"featured_media":0,"parent":0,"menu_order":0,"comment_status":"closed","ping_status":"closed","template":"full-width.php","meta":{"footnotes":""},"class_list":["post-4456","page","type-page","status-publish","hentry"],"_links":{"self":[{"href":"https:\/\/www.dogancam.com\/index.php?rest_route=\/wp\/v2\/pages\/4456","targetHints":{"allow":["GET"]}}],"collection":[{"href":"https:\/\/www.dogancam.com\/index.php?rest_route=\/wp\/v2\/pages"}],"about":[{"href":"https:\/\/www.dogancam.com\/index.php?rest_route=\/wp\/v2\/types\/page"}],"author":[{"embeddable":true,"href":"https:\/\/www.dogancam.com\/index.php?rest_route=\/wp\/v2\/users\/1"}],"replies":[{"embeddable":true,"href":"https:\/\/www.dogancam.com\/index.php?rest_route=%2Fwp%2Fv2%2Fcomments&post=4456"}],"version-history":[{"count":0,"href":"https:\/\/www.dogancam.com\/index.php?rest_route=\/wp\/v2\/pages\/4456\/revisions"}],"wp:attachment":[{"href":"https:\/\/www.dogancam.com\/index.php?rest_route=%2Fwp%2Fv2%2Fmedia&parent=4456"}],"curies":[{"name":"wp","href":"https:\/\/api.w.org\/{rel}","templated":true}]}}