{"id":4512,"date":"2021-10-11T09:59:46","date_gmt":"2021-10-11T06:59:46","guid":{"rendered":"https:\/\/www.dogancambodrum.com.tr\/?page_id=4512"},"modified":"2021-10-11T10:03:50","modified_gmt":"2021-10-11T07:03:50","slug":"uretim","status":"publish","type":"page","link":"https:\/\/www.dogancam.com\/?page_id=4512","title":{"rendered":"\u00dcretim"},"content":{"rendered":"<p>[vc_row][vc_column][vc_empty_space height=&#8221;65px&#8221;][vc_text_separator title=&#8221;Sayfa Haz\u0131rlan\u0131yor. Yak\u0131nda bu sayfada \u00fcretim tesisimizin g\u00f6rsellerine ula\u015fabileceksiniz.&#8221;][vc_empty_space height=&#8221;65px&#8221;][\/vc_column][\/vc_row]<\/p>\n","protected":false},"excerpt":{"rendered":"<p>[vc_row][vc_column][vc_empty_space height=&#8221;65px&#8221;][vc_text_separator title=&#8221;Sayfa Haz\u0131rlan\u0131yor. Yak\u0131nda bu sayfada \u00fcretim tesisimizin g\u00f6rsellerine ula\u015fabileceksiniz.&#8221;][vc_empty_space height=&#8221;65px&#8221;][\/vc_column][\/vc_row]<\/p>\n","protected":false},"author":1,"featured_media":0,"parent":0,"menu_order":0,"comment_status":"closed","ping_status":"closed","template":"full-width.php","meta":{"footnotes":""},"class_list":["post-4512","page","type-page","status-publish","hentry"],"_links":{"self":[{"href":"https:\/\/www.dogancam.com\/index.php?rest_route=\/wp\/v2\/pages\/4512","targetHints":{"allow":["GET"]}}],"collection":[{"href":"https:\/\/www.dogancam.com\/index.php?rest_route=\/wp\/v2\/pages"}],"about":[{"href":"https:\/\/www.dogancam.com\/index.php?rest_route=\/wp\/v2\/types\/page"}],"author":[{"embeddable":true,"href":"https:\/\/www.dogancam.com\/index.php?rest_route=\/wp\/v2\/users\/1"}],"replies":[{"embeddable":true,"href":"https:\/\/www.dogancam.com\/index.php?rest_route=%2Fwp%2Fv2%2Fcomments&post=4512"}],"version-history":[{"count":0,"href":"https:\/\/www.dogancam.com\/index.php?rest_route=\/wp\/v2\/pages\/4512\/revisions"}],"wp:attachment":[{"href":"https:\/\/www.dogancam.com\/index.php?rest_route=%2Fwp%2Fv2%2Fmedia&parent=4512"}],"curies":[{"name":"wp","href":"https:\/\/api.w.org\/{rel}","templated":true}]}}